{"id":8124,"date":"2023-03-21T15:18:33","date_gmt":"2023-03-21T15:18:33","guid":{"rendered":"https:\/\/www.meaplatform.com\/om\/peter-houston\/"},"modified":"2025-03-30T22:25:14","modified_gmt":"2025-03-30T22:25:14","slug":"peter-houston","status":"publish","type":"page","link":"https:\/\/www.meaplatform.com\/da\/om\/peter-houston\/","title":{"rendered":"Peter Houston"},"content":{"rendered":"\n<div class=\"wp-block-genesis-blocks-gb-columns advisory-board-banner gb-layout-columns-2 gb-2-col-wideleft alignwide\"><div class=\"gb-layout-column-wrap gb-block-layout-column-gap-2 gb-is-responsive-column\">\n<div class=\"wp-block-genesis-blocks-gb-column viewport-section fade-in-up gb-block-layout-column\"><div class=\"gb-block-layout-column-inner\">\n<h1 style=\"font-size:2rem\">Peter Houston<span class=\"green\">Klient og Produktchef<\/span><\/h1>\n\n\n\n<p>Peter har over 30 \u00e5rs erfaring med at lede operationer for m\u00e6glere og forsikringsselskaber, tidligere EMEA Direkt\u00f8r Operationer for Chubb.<\/p>\n\n\n\n<p>Han nyder at drive forandringer p\u00e5 brancheniveau og omdanne organisationer til at blive mere effektive gennem procesoptimering og digitalisering.<\/p>\n\n\n\n<p>Peter er et velkendt ansigt p\u00e5 markedet i London, og han nyder at bringe innovationer til sine kolleger.<\/p>\n<\/div><\/div>\n\n\n\n<div class=\"wp-block-genesis-blocks-gb-column arrow-column gb-block-layout-column gb-is-vertically-aligned-bottom\"><div class=\"gb-block-layout-column-inner\">\n<p><\/p>\n<\/div><\/div>\n<\/div><\/div>\n\n<div class=\"wp-block-genesis-blocks-gb-columns advisory-board-profile-container gb-layout-columns-4 gb-4-col-equal gb-columns-center alignfull\"><div class=\"gb-layout-column-wrap gb-block-layout-column-gap-2 gb-is-responsive-column\" style=\"max-width:1151px\">\n<div class=\"wp-block-genesis-blocks-gb-column shield-with-hover gb-block-layout-column\"><div class=\"gb-block-layout-column-inner\">\n<p><\/p>\n<\/div><\/div>\n\n\n\n<div class=\"wp-block-genesis-blocks-gb-column shield-with-hover gb-block-layout-column\"><div class=\"gb-block-layout-column-inner\">\n<p><\/p>\n<\/div><\/div>\n\n\n\n<div class=\"wp-block-genesis-blocks-gb-column shield-with-hover gb-block-layout-column\"><div class=\"gb-block-layout-column-inner\">\n<p><\/p>\n<\/div><\/div>\n\n\n\n<div class=\"wp-block-genesis-blocks-gb-column shield-with-hover gb-block-layout-column\"><div class=\"gb-block-layout-column-inner\">\n<p><\/p>\n<\/div><\/div>\n<\/div><\/div>\n\n<div class=\"wp-block-genesis-blocks-gb-columns advisory-board-bottom gb-layout-columns-1 one-column alignfull\"><div class=\"gb-layout-column-wrap gb-block-layout-column-gap-2 gb-is-responsive-column\">\n<div class=\"wp-block-genesis-blocks-gb-column gb-block-layout-column\"><div class=\"gb-block-layout-column-inner\">\n<p><\/p>\n<\/div><\/div>\n<\/div><\/div>\n\n<div class=\"wp-block-genesis-blocks-gb-columns gb-slate-section-hero-with-buttons gb-slate-section-hero-buttons section-7 gb-layout-columns-1 one-column gb-has-background-dim gb-has-background-dim-20 alignfull\" style=\"background-position:48% 72%\"><div class=\"gb-layout-column-wrap gb-block-layout-column-gap-1 gb-is-responsive-column\">\n<div class=\"wp-block-genesis-blocks-gb-column section-7-inner gb-block-layout-column\"><div class=\"gb-block-layout-column-inner\">\n<div class=\"wp-block-columns is-layout-flex wp-container-core-columns-is-layout-9d6595d7 wp-block-columns-is-layout-flex\">\n<div class=\"wp-block-column left-column is-layout-flow wp-block-column-is-layout-flow\">\n<figure class=\"wp-block-image size-full section-7-bg-logo parallax-decor top-effect\"><img loading=\"lazy\" decoding=\"async\" width=\"430\" height=\"541\" src=\"https:\/\/www.meaplatform.com\/wp-content\/uploads\/2023\/01\/more-transparent-logo.png\" alt=\"\" class=\"wp-image-3546\" srcset=\"https:\/\/www.meaplatform.com\/wp-content\/uploads\/2023\/01\/more-transparent-logo.png 430w, https:\/\/www.meaplatform.com\/wp-content\/uploads\/2023\/01\/more-transparent-logo-238x300.png 238w, https:\/\/www.meaplatform.com\/wp-content\/uploads\/2023\/01\/more-transparent-logo-300x377.png 300w\" sizes=\"auto, (max-width: 430px) 100vw, 430px\" \/><\/figure>\n<\/div>\n\n\n\n<div class=\"wp-block-column section-7-right-col is-layout-flow wp-block-column-is-layout-flow\">\n<h2 class=\"viewport-section move-effect wp-block-heading\">Kontakt os<\/h2>\n\n\n\n<p class=\"viewport-section move-effect\">du kan pr\u00f8ve platformen eller tale med et medlem af teamet ved at klikke nedenfor.<\/p>\n\n\n\n<div class=\"wp-block-buttons is-layout-flex wp-block-buttons-is-layout-flex\">\n<div class=\"wp-block-button is-style-fill\"><a class=\"wp-block-button__link has-dark-green-color has-white-background-color has-text-color has-background wp-element-button\" href=\"https:\/\/www.meaplatform.com\/da\/kontakt\/\">Kom i kontakt med os<\/a><\/div>\n\n\n\n<div class=\"wp-block-button is-black-outline is-style-outline is-style-outline--1\"><a class=\"wp-block-button__link wp-element-button\" href=\"https:\/\/ingestion.meaplatform.com\/login\" target=\"_blank\" rel=\"noreferrer noopener\">Pr\u00f8v platformen<\/a><\/div>\n<\/div>\n<\/div>\n<\/div>\n<\/div><\/div>\n<\/div><\/div>\n","protected":false},"excerpt":{"rendered":"","protected":false},"author":1,"featured_media":0,"parent":8024,"menu_order":0,"comment_status":"closed","ping_status":"closed","template":"","meta":{"_acf_changed":false,"inline_featured_image":false,"_genesis_block_theme_hide_title":false,"footnotes":""},"class_list":["post-8124","page","type-page","status-publish","hentry","post","without-featured-image"],"acf":[],"yoast_head":"<!-- This site is optimized with the Yoast SEO Premium plugin v27.3 (Yoast SEO v27.3) - https:\/\/yoast.com\/product\/yoast-seo-premium-wordpress\/ -->\n<title>Peter Houston &#8211; mea platform<\/title>\n<meta name=\"robots\" content=\"index, follow, max-snippet:-1, max-image-preview:large, max-video-preview:-1\" \/>\n<link rel=\"canonical\" href=\"https:\/\/www.meaplatform.com\/da\/om\/peter-houston\/\" \/>\n<meta property=\"og:locale\" content=\"da_DK\" \/>\n<meta property=\"og:type\" content=\"article\" \/>\n<meta property=\"og:title\" content=\"Peter Houston\" \/>\n<meta property=\"og:url\" content=\"https:\/\/www.meaplatform.com\/da\/om\/peter-houston\/\" \/>\n<meta property=\"og:site_name\" content=\"mea platform\" \/>\n<meta property=\"article:modified_time\" content=\"2025-03-30T22:25:14+00:00\" \/>\n<meta property=\"og:image\" content=\"https:\/\/www.meaplatform.com\/wp-content\/uploads\/2023\/01\/more-transparent-logo.png\" \/>\n\t<meta property=\"og:image:width\" content=\"430\" \/>\n\t<meta property=\"og:image:height\" content=\"541\" \/>\n\t<meta property=\"og:image:type\" content=\"image\/png\" \/>\n<meta name=\"twitter:card\" content=\"summary_large_image\" \/>\n<script type=\"application\/ld+json\" class=\"yoast-schema-graph\">{\"@context\":\"https:\\\/\\\/schema.org\",\"@graph\":[{\"@type\":\"WebPage\",\"@id\":\"https:\\\/\\\/www.meaplatform.com\\\/da\\\/om\\\/peter-houston\\\/\",\"url\":\"https:\\\/\\\/www.meaplatform.com\\\/da\\\/om\\\/peter-houston\\\/\",\"name\":\"Peter Houston &#8211; mea platform\",\"isPartOf\":{\"@id\":\"https:\\\/\\\/www.meaplatform.com\\\/#website\"},\"primaryImageOfPage\":{\"@id\":\"https:\\\/\\\/www.meaplatform.com\\\/da\\\/om\\\/peter-houston\\\/#primaryimage\"},\"image\":{\"@id\":\"https:\\\/\\\/www.meaplatform.com\\\/da\\\/om\\\/peter-houston\\\/#primaryimage\"},\"thumbnailUrl\":\"https:\\\/\\\/www.meaplatform.com\\\/wp-content\\\/uploads\\\/2023\\\/01\\\/more-transparent-logo.png\",\"datePublished\":\"2023-03-21T15:18:33+00:00\",\"dateModified\":\"2025-03-30T22:25:14+00:00\",\"breadcrumb\":{\"@id\":\"https:\\\/\\\/www.meaplatform.com\\\/da\\\/om\\\/peter-houston\\\/#breadcrumb\"},\"inLanguage\":\"da-DK\",\"potentialAction\":[{\"@type\":\"ReadAction\",\"target\":[\"https:\\\/\\\/www.meaplatform.com\\\/da\\\/om\\\/peter-houston\\\/\"]}]},{\"@type\":\"ImageObject\",\"inLanguage\":\"da-DK\",\"@id\":\"https:\\\/\\\/www.meaplatform.com\\\/da\\\/om\\\/peter-houston\\\/#primaryimage\",\"url\":\"https:\\\/\\\/www.meaplatform.com\\\/wp-content\\\/uploads\\\/2023\\\/01\\\/more-transparent-logo.png\",\"contentUrl\":\"https:\\\/\\\/www.meaplatform.com\\\/wp-content\\\/uploads\\\/2023\\\/01\\\/more-transparent-logo.png\"},{\"@type\":\"BreadcrumbList\",\"@id\":\"https:\\\/\\\/www.meaplatform.com\\\/da\\\/om\\\/peter-houston\\\/#breadcrumb\",\"itemListElement\":[{\"@type\":\"ListItem\",\"position\":1,\"name\":\"Home\",\"item\":\"https:\\\/\\\/www.meaplatform.com\\\/da\\\/\"},{\"@type\":\"ListItem\",\"position\":2,\"name\":\"Om\",\"item\":\"https:\\\/\\\/www.meaplatform.com\\\/da\\\/om\\\/\"},{\"@type\":\"ListItem\",\"position\":3,\"name\":\"Peter Houston\"}]},{\"@type\":\"WebSite\",\"@id\":\"https:\\\/\\\/www.meaplatform.com\\\/#website\",\"url\":\"https:\\\/\\\/www.meaplatform.com\\\/\",\"name\":\"mea Platform\",\"description\":\"\",\"publisher\":{\"@id\":\"https:\\\/\\\/www.meaplatform.com\\\/#organization\"},\"alternateName\":\"mea\",\"potentialAction\":[{\"@type\":\"SearchAction\",\"target\":{\"@type\":\"EntryPoint\",\"urlTemplate\":\"https:\\\/\\\/www.meaplatform.com\\\/?s={search_term_string}\"},\"query-input\":{\"@type\":\"PropertyValueSpecification\",\"valueRequired\":true,\"valueName\":\"search_term_string\"}}],\"inLanguage\":\"da-DK\"},{\"@type\":[\"Organization\",\"Place\"],\"@id\":\"https:\\\/\\\/www.meaplatform.com\\\/#organization\",\"name\":\"mea Platform\",\"url\":\"https:\\\/\\\/www.meaplatform.com\\\/\",\"logo\":{\"@id\":\"https:\\\/\\\/www.meaplatform.com\\\/da\\\/om\\\/peter-houston\\\/#local-main-organization-logo\"},\"image\":{\"@id\":\"https:\\\/\\\/www.meaplatform.com\\\/da\\\/om\\\/peter-houston\\\/#local-main-organization-logo\"},\"telephone\":[],\"openingHoursSpecification\":[{\"@type\":\"OpeningHoursSpecification\",\"dayOfWeek\":[\"Monday\",\"Tuesday\",\"Wednesday\",\"Thursday\",\"Friday\",\"Saturday\",\"Sunday\"],\"opens\":\"09:00\",\"closes\":\"17:00\"}]},{\"@type\":\"ImageObject\",\"inLanguage\":\"da-DK\",\"@id\":\"https:\\\/\\\/www.meaplatform.com\\\/da\\\/om\\\/peter-houston\\\/#local-main-organization-logo\",\"url\":\"https:\\\/\\\/www.meaplatform.com\\\/wp-content\\\/uploads\\\/2023\\\/01\\\/mea-logo.svg\",\"contentUrl\":\"https:\\\/\\\/www.meaplatform.com\\\/wp-content\\\/uploads\\\/2023\\\/01\\\/mea-logo.svg\",\"width\":122,\"height\":60,\"caption\":\"mea Platform\"}]}<\/script>\n<!-- \/ Yoast SEO Premium plugin. -->","yoast_head_json":{"title":"Peter Houston &#8211; mea platform","robots":{"index":"index","follow":"follow","max-snippet":"max-snippet:-1","max-image-preview":"max-image-preview:large","max-video-preview":"max-video-preview:-1"},"canonical":"https:\/\/www.meaplatform.com\/da\/om\/peter-houston\/","og_locale":"da_DK","og_type":"article","og_title":"Peter Houston","og_url":"https:\/\/www.meaplatform.com\/da\/om\/peter-houston\/","og_site_name":"mea platform","article_modified_time":"2025-03-30T22:25:14+00:00","og_image":[{"width":430,"height":541,"url":"https:\/\/www.meaplatform.com\/wp-content\/uploads\/2023\/01\/more-transparent-logo.png","type":"image\/png"}],"twitter_card":"summary_large_image","schema":{"@context":"https:\/\/schema.org","@graph":[{"@type":"WebPage","@id":"https:\/\/www.meaplatform.com\/da\/om\/peter-houston\/","url":"https:\/\/www.meaplatform.com\/da\/om\/peter-houston\/","name":"Peter Houston &#8211; mea platform","isPartOf":{"@id":"https:\/\/www.meaplatform.com\/#website"},"primaryImageOfPage":{"@id":"https:\/\/www.meaplatform.com\/da\/om\/peter-houston\/#primaryimage"},"image":{"@id":"https:\/\/www.meaplatform.com\/da\/om\/peter-houston\/#primaryimage"},"thumbnailUrl":"https:\/\/www.meaplatform.com\/wp-content\/uploads\/2023\/01\/more-transparent-logo.png","datePublished":"2023-03-21T15:18:33+00:00","dateModified":"2025-03-30T22:25:14+00:00","breadcrumb":{"@id":"https:\/\/www.meaplatform.com\/da\/om\/peter-houston\/#breadcrumb"},"inLanguage":"da-DK","potentialAction":[{"@type":"ReadAction","target":["https:\/\/www.meaplatform.com\/da\/om\/peter-houston\/"]}]},{"@type":"ImageObject","inLanguage":"da-DK","@id":"https:\/\/www.meaplatform.com\/da\/om\/peter-houston\/#primaryimage","url":"https:\/\/www.meaplatform.com\/wp-content\/uploads\/2023\/01\/more-transparent-logo.png","contentUrl":"https:\/\/www.meaplatform.com\/wp-content\/uploads\/2023\/01\/more-transparent-logo.png"},{"@type":"BreadcrumbList","@id":"https:\/\/www.meaplatform.com\/da\/om\/peter-houston\/#breadcrumb","itemListElement":[{"@type":"ListItem","position":1,"name":"Home","item":"https:\/\/www.meaplatform.com\/da\/"},{"@type":"ListItem","position":2,"name":"Om","item":"https:\/\/www.meaplatform.com\/da\/om\/"},{"@type":"ListItem","position":3,"name":"Peter Houston"}]},{"@type":"WebSite","@id":"https:\/\/www.meaplatform.com\/#website","url":"https:\/\/www.meaplatform.com\/","name":"mea Platform","description":"","publisher":{"@id":"https:\/\/www.meaplatform.com\/#organization"},"alternateName":"mea","potentialAction":[{"@type":"SearchAction","target":{"@type":"EntryPoint","urlTemplate":"https:\/\/www.meaplatform.com\/?s={search_term_string}"},"query-input":{"@type":"PropertyValueSpecification","valueRequired":true,"valueName":"search_term_string"}}],"inLanguage":"da-DK"},{"@type":["Organization","Place"],"@id":"https:\/\/www.meaplatform.com\/#organization","name":"mea Platform","url":"https:\/\/www.meaplatform.com\/","logo":{"@id":"https:\/\/www.meaplatform.com\/da\/om\/peter-houston\/#local-main-organization-logo"},"image":{"@id":"https:\/\/www.meaplatform.com\/da\/om\/peter-houston\/#local-main-organization-logo"},"telephone":[],"openingHoursSpecification":[{"@type":"OpeningHoursSpecification","dayOfWeek":["Monday","Tuesday","Wednesday","Thursday","Friday","Saturday","Sunday"],"opens":"09:00","closes":"17:00"}]},{"@type":"ImageObject","inLanguage":"da-DK","@id":"https:\/\/www.meaplatform.com\/da\/om\/peter-houston\/#local-main-organization-logo","url":"https:\/\/www.meaplatform.com\/wp-content\/uploads\/2023\/01\/mea-logo.svg","contentUrl":"https:\/\/www.meaplatform.com\/wp-content\/uploads\/2023\/01\/mea-logo.svg","width":122,"height":60,"caption":"mea Platform"}]}},"featured_image_src":null,"featured_image_src_square":null,"_links":{"self":[{"href":"https:\/\/www.meaplatform.com\/da\/wp-json\/wp\/v2\/pages\/8124","targetHints":{"allow":["GET"]}}],"collection":[{"href":"https:\/\/www.meaplatform.com\/da\/wp-json\/wp\/v2\/pages"}],"about":[{"href":"https:\/\/www.meaplatform.com\/da\/wp-json\/wp\/v2\/types\/page"}],"author":[{"embeddable":true,"href":"https:\/\/www.meaplatform.com\/da\/wp-json\/wp\/v2\/users\/1"}],"replies":[{"embeddable":true,"href":"https:\/\/www.meaplatform.com\/da\/wp-json\/wp\/v2\/comments?post=8124"}],"version-history":[{"count":0,"href":"https:\/\/www.meaplatform.com\/da\/wp-json\/wp\/v2\/pages\/8124\/revisions"}],"up":[{"embeddable":true,"href":"https:\/\/www.meaplatform.com\/da\/wp-json\/wp\/v2\/pages\/8024"}],"wp:attachment":[{"href":"https:\/\/www.meaplatform.com\/da\/wp-json\/wp\/v2\/media?parent=8124"}],"curies":[{"name":"wp","href":"https:\/\/api.w.org\/{rel}","templated":true}]}}