{"id":8266,"date":"2023-01-08T18:02:10","date_gmt":"2023-01-08T18:02:10","guid":{"rendered":"https:\/\/www.meaplatform.com\/cookie-politik\/"},"modified":"2023-09-20T14:23:25","modified_gmt":"2023-09-20T14:23:25","slug":"cookie-politik","status":"publish","type":"page","link":"https:\/\/www.meaplatform.com\/da\/cookie-politik\/","title":{"rendered":"Cookie-politik"},"content":{"rendered":"\n<p>Denne cookiepolitik (&#8220;<strong>Cookiepolitik<\/strong>&#8220;) beskriver, hvordan MEA Platforms Group Limited (&#8220;<strong>MEA Platforms<\/strong>&#8220;, &#8220;<strong>vi<\/strong>&#8220;, &#8220;<strong>vores<\/strong>&#8221; eller &#8220;<strong>os<\/strong>&#8220;) behandler de oplysninger, vi indsamler, n\u00e5r du f\u00e5r adgang til og bruger MEA Platforms websted p\u00e5 <a href=\"https:\/\/meaplatform.com\/\" target=\"_blank\" rel=\"noreferrer noopener\">https:\/\/meaplatform.com<\/a> (&#8220;<strong>Website<\/strong>&#8220;). L\u00e6s venligst denne cookiepolitik omhyggeligt, f\u00f8r du bruger hjemmesiden. <strong><\/strong><\/p>\n\n<p>For mere information om, hvordan vi indsamler, bruger og deler dine personlige data, se vores <a href=\"https:\/\/www.meaplatform.com\/privacy-policy\/\">https:\/\/www.meaplatform.com\/privacy-policy<\/a><\/p>\n\n<p>Vores hjemmeside bruger cookies i kombination med andre sporingsteknologier (samlet kaldet &#8220;<strong>cookies<\/strong>&#8220;, medmindre andet er angivet) til at skelne dig fra andre brugere af hjemmesiden.<\/p>\n\n<p>Du beh\u00f8ver ikke at tillade cookies for at bes\u00f8ge det meste af hjemmesiden. Aktivering af cookies kan dog give en mere skr\u00e6ddersyet browseroplevelse og er n\u00f8dvendig for, at visse dele af hjemmesiden kan fungere. I de fleste tilf\u00e6lde giver en cookie os ikke nogen af dine personlige data.<\/p>\n\n<p>Hvis du \u00f8nsker at administrere dine cookie-pr\u00e6ferencer, kan du g\u00f8re det ved at bruge vores Cookie-pr\u00e6ferencer, som du kan f\u00e5 adgang til ved at klikke p\u00e5 <a href=\"https:\/\/www.meaplatform.com\/privacy-policy\/\">https:\/\/www.meaplatform.com\/privacy-policy<\/a><\/p>\n\n<p>HVAD ER EN COOKIE?<\/p>\n\n<p>En cookie er en lille fil, der best\u00e5r af en informationsstreng med bogstaver og tal, som downloades til en enhed, n\u00e5r en person g\u00e5r ind p\u00e5 bestemte hjemmesider. Cookies og lignende teknologier (som omfatter pixels, tags, webbeacons og softwareudviklingss\u00e6t (&#8220;<strong>SDK<\/strong>&#8216;er&#8221;) og lokale browserlagringsteknologier) (tilsammen &#8220;<strong>cookies<\/strong>&#8220;) sendes derefter tilbage til den oprindelige hjemmeside ved hvert efterf\u00f8lgende bes\u00f8g. Cookies er nyttige, fordi de g\u00f8r det muligt for en hjemmeside at genkende en persons enhed og indsamle oplysninger fra den, n\u00e5r personen interagerer med den.<\/p>\n\n<p>MEA Platforms bruger cookies til at identificere og spore din brug af webstedet, s\u00e5 du kan navigere effektivt mellem siderne og generelt forbedre din browseroplevelse. og huske dine pr\u00e6ferencer for adgang til hjemmesiden. Cookies bruges ogs\u00e5 til at g\u00f8re de reklamer, du ser online, mere relevante for dine interesser. Enhver person, der ikke \u00f8nsker at have cookies placeret p\u00e5 deres computer, b\u00f8r indstille deres browsere til at afvise cookies, f\u00f8r de bruger hjemmesiden, og huske p\u00e5, at visse funktioner p\u00e5 hjemmesiden muligvis ikke fungerer korrekt uden hj\u00e6lp fra cookies.<\/p>\n\n<p>HVEM PLACERER COOKIES P\u00c5 DIN ENHED?<\/p>\n\n<p>N\u00e5r du bes\u00f8ger vores hjemmeside, kan b\u00e5de f\u00f8rsteparts- og tredjepartscookies blive placeret p\u00e5 din enhed:<\/p>\n\n<p>(1) f\u00f8rstepartscookies, som vi sender direkte til din computer eller mobilenhed, og som vi bruger til at genkende din computer eller mobilenhed, n\u00e5r den bes\u00f8ger vores hjemmeside igen; og<\/p>\n\n<p>(2) tredjepartscookies, som bruges af serviceudbydere eller forretningspartnere p\u00e5 vores hjemmeside, og som kan bruges af disse parter til at genkende din computer eller mobilenhed, n\u00e5r den bes\u00f8ger andre hjemmesider. Tredjepartscookies kan bruges til en r\u00e6kke forskellige form\u00e5l, herunder serviceanalyse, annoncering og funktioner til sociale medier. Vi kontrollerer ikke, hvordan disse tredjeparter bruger dine oplysninger, som er underlagt deres egne privatlivspolitikker.<\/p>\n\n<p>HVORDAN KAN EN BRUGER DEAKTIVERE ELLER BLOKERE COOKIES?<\/p>\n\n<p>Dine muligheder for at kontrollere, hvilke oplysninger cookies og lignende teknologier indsamler om dig, omfatter.<\/p>\n\n<ul class=\"wp-block-list\">\n<li><strong>Blokering af cookies i din browser<\/strong>: Du kan ogs\u00e5 begr\u00e6nse eller blokere cookies, som s\u00e6ttes under din brug af hjemmesiden, ved at \u00e6ndre indstillingerne i din browser. Nogle funktioner p\u00e5 hjemmesiden fungerer muligvis ikke, hvis du helt deaktiverer cookies, men mange typer cookies kan blokeres, uden at det p\u00e5virker hjemmesidens brugervenlighed. Vi r\u00e5der dig til at tjekke oplysningerne i din browsers hj\u00e6lpesektion for specifikke instruktioner om, hvordan du administrerer cookies.<\/li>\n\n\n\n<li><strong>Blokering af billeder\/clear gifs<\/strong>: De fleste browsere og enheder giver dig mulighed for at konfigurere din enhed til at forhindre billeder i at blive indl\u00e6st. For at g\u00f8re dette skal du f\u00f8lge instruktionerne i din browser eller enhedens indstillinger.<\/li>\n\n\n\n<li><strong>Mulighed for fravalg af tredjepart. <\/strong>Du kan frav\u00e6lge interessebaseret annoncering gennem nogle af de tredjeparter, der er anf\u00f8rt i skemaet ovenfor, ved at bruge det tilsvarende tredjeparts fravalgsv\u00e6rkt\u00f8j, der findes i skemaet.<\/li>\n<\/ul>\n\n<p>Fravalg <strong>af brancheorganisationer<\/strong>. Du kan frav\u00e6lge at modtage interessebaseret annoncering p\u00e5 hjemmesider gennem medlemmer af Network Advertising Initiative ved at klikke <a href=\"http:\/\/www.networkadvertising.org\/choices\">her<\/a> eller Digital Advertising Alliance ved at klikke <a href=\"http:\/\/www.aboutads.info\/choices\">her<\/a>. Du kan frav\u00e6lge at modtage m\u00e5lrettet annoncering i mobilapps gennem deltagende medlemmer af Digital Advertising Alliance ved at installere mobilappen AppChoices, der er tilg\u00e6ngelig <a href=\"https:\/\/www.youradchoices.com\/appchoices\">her<\/a>, og v\u00e6lge brugerens valg. Bem\u00e6rk, at vi ogs\u00e5 kan samarbejde med virksomheder, der tilbyder deres egne fravalgsmekanismer og muligvis ikke deltager i de fravalgsmekanismer, der er linket ovenfor. For generel information om cookies, se <a href=\"http:\/\/www.allaboutcookies.org\/\" target=\"_blank\" rel=\"noreferrer noopener\">http:\/\/www.allaboutcookies.org\/<\/a>. Bem\u00e6rk venligst, at dette link kun er til r\u00e5dighed som en bekvemmelighed og til informationsform\u00e5l og ikke udg\u00f8r en godkendelse af nogen information eller mening fra MEA Platforms. Vi b\u00e6rer intet ansvar for n\u00f8jagtigheden, lovligheden eller indholdet af det eksterne websted eller for efterf\u00f8lgende links. Kontakt venligst det eksterne websted for svar eller sp\u00f8rgsm\u00e5l vedr\u00f8rende dets indhold.<\/p>\n\n<p>HVORFOR OG HVORDAN BRUGES COOKIES AF MEA-PLATFORME?<\/p>\n\n<p>Der er stort set fire grunde til, at en cookie kan blive gemt p\u00e5 din enhed, n\u00e5r du bes\u00f8ger hjemmesiden:<\/p>\n\n<ul class=\"wp-block-list\">\n<li>cookies, der f\u00e5r hjemmesiden til at fungere korrekt for dig og g\u00f8r det muligt for dig at surfe sikkert p\u00e5 hjemmesiden;<\/li>\n<\/ul>\n\n<ul class=\"wp-block-list\">\n<li>cookies, der indsamler data om din brug af webstedet, som bruges til at hj\u00e6lpe MEA Platforms med at forbedre onlineprodukter og\/eller -tjenester;<\/li>\n<\/ul>\n\n<ul class=\"wp-block-list\">\n<li>cookies, der husker dine pr\u00e6ferencer og g\u00f8r det lettere for dig at bruge hjemmesiden; og<\/li>\n<\/ul>\n\n<ul class=\"wp-block-list\">\n<li>cookies, der placeres af tredjepartstjenester, som vi bruger til at forbedre de oplysninger, vi pr\u00e6senterer online. MEA Platforms har ingen kontrol over disse tredjepartscookies.<\/li>\n<\/ul>\n\n<p>Disse cookies placeres p\u00e5 din enhed enten af os eller af de tredjeparter, hvis tjenester vi bruger som en del af hjemmesiden.<\/p>\n\n<p>Nogle cookies bliver kun gemt i din browser, s\u00e5 l\u00e6nge du bes\u00f8ger hjemmesiden, mens andre bliver gemt i en l\u00e6ngere specificeret eller uspecificeret periode.<\/p>\n\n<p>HVOR L\u00c6NGE BLIVER COOKIES P\u00c5 MIN ENHED?<\/p>\n\n<p>Hvor l\u00e6nge en cookie bliver p\u00e5 din computer eller mobile enhed, afh\u00e6nger af, om det er en &#8220;permanente&#8221; eller &#8220;session&#8221; cookie. Sessionscookies bliver kun p\u00e5 din enhed, indtil du holder op med at browse. Permanente cookies bliver p\u00e5 din computer eller mobile enhed, indtil de udl\u00f8ber eller slettes.<\/p>\n\n<p>HVILKE TYPER COOKIES BRUGES AF MEA-PLATFORME?<\/p>\n\n<p>Vores hjemmeside kan bruge b\u00e5de sessionscookies (som udl\u00f8ber, n\u00e5r du lukker din webbrowser) og permanente cookies (som bliver p\u00e5 din computer eller mobile enhed, indtil du sletter dem).<\/p>\n\n<p>Vi bruger flere typer cookies. Nogle er essentielle, mens andre kan deaktiveres eller blokeres. Deaktivering eller blokering af nogle cookies kan p\u00e5virke funktionaliteten af onlineprodukterne og\/eller -tjenesterne og af webstedet.<\/p>\n\n<p>Nedenst\u00e5ende forklaringer skal hj\u00e6lpe dig med at tr\u00e6ffe informerede valg om de oplysninger, du giver os og eventuelle tredjeparter, n\u00e5r du bes\u00f8ger hjemmesiden:<\/p>\n\n<ul class=\"wp-block-list\">\n<li>Strengt n\u00f8dvendige cookies. Det er cookies, der er n\u00f8dvendige for driften af vores hjemmeside, og som ikke kan sl\u00e5s fra i vores systemer. De indstilles normalt kun som svar p\u00e5 handlinger foretaget af dig, der svarer til en anmodning om tjenester og inkluderer for eksempel cookies, der giver dig mulighed for at logge ind p\u00e5 sikre omr\u00e5der af vores websted, bruge en indk\u00f8bskurv eller g\u00f8re brug af e-faktureringstjenester. Du kan indstille din browser til at blokere eller advare dig om disse cookies, men nogle dele af tjenesten vil s\u00e5 ikke fungere.<\/li>\n<\/ul>\n\n<ul class=\"wp-block-list\">\n<li>Analytiske cookies eller pr\u00e6station-cookies. De g\u00f8r det muligt for os at genkende og t\u00e6lle antallet af bes\u00f8gende og se, hvordan de bev\u00e6ger sig rundt p\u00e5 vores hjemmeside, n\u00e5r de bruger den. Det hj\u00e6lper os med at forbedre den m\u00e5de, vores hjemmeside fungerer p\u00e5, f.eks. ved at sikre, at brugerne nemt finder det, de leder efter.<\/li>\n<\/ul>\n\n<ul class=\"wp-block-list\">\n<li>Funktionalitetscookies. De bruges til at genkende dig, n\u00e5r du vender tilbage til vores hjemmeside. Det g\u00f8r det muligt for os at tilpasse vores indhold til dig, hilse p\u00e5 dig ved navn og huske dine pr\u00e6ferencer (f.eks. dit valg af sprog eller region).<\/li>\n<\/ul>\n\n<ul class=\"wp-block-list\">\n<li>M\u00e5lretning af cookies. Disse cookies registrerer dit bes\u00f8g p\u00e5 vores hjemmeside, de sider, du har bes\u00f8gt, og de links, du har fulgt. Vi vil bruge disse oplysninger til at g\u00f8re vores hjemmeside og de reklamer, der vises p\u00e5 den, mere relevante for dine interesser. Vi kan ogs\u00e5 dele disse oplysninger med tredjeparter til dette form\u00e5l.<\/li>\n<\/ul>\n\n<p>Du kan finde flere oplysninger om de enkelte cookies, vi bruger, og de form\u00e5l, vi bruger dem til, i tabellen nedenfor:<\/p>\n\n<figure class=\"wp-block-table\"><table><thead><tr><td><strong>Type\/Form\u00e5l<\/strong><\/td><td><strong>Navn p\u00e5 cookien<\/strong><\/td><td><strong>Varighed<\/strong><\/td><td><strong>Hvem serverer cookies<br\/><\/strong>(link til privatlivspolitik\/websted)<\/td><td><strong>S\u00e5dan kontrollerer du dem<a><\/a><a><\/a><a><\/a><a><\/a><a><\/a><a><\/a><a><\/a><a><\/a><a><\/a><\/strong><\/td><\/tr><\/thead><tbody><tr><td><em>Reklame\/marketing<\/em><\/td><td>ENHED_INFOVISITOR_INFO1_LIVEYSC<\/td><td>180 dage<\/td><td>youtube.com<\/td><td> Brug af Cookiebot<\/td><\/tr><tr><td><em>Analyse<\/em><\/td><td>_ga_ga_#<\/td><td>2 \u00e5r<\/td><td>wpengine.com <\/td><td> Brug af Cookiebot<\/td><\/tr><tr><td><em>Vigtigt\/n\u00f8dvendigt<\/em><\/td><td>CONSENTyt-remote-session-nameyt-remote-session-appyt-remote-fast-check-periodyt-remote-cast-installedyt-remote-cast-availableyt-remote-device-idyt-remote-connected-devices ytidb::LAST_RESULT_ENTRY_KEY<\/td><td>Vedvarende<\/td><td>youtube.com<\/td><td>Brug af Cookiebot<\/td><\/tr><tr><td><em>Funktionalitet<\/em><\/td><td>__sakYtIdbMeta#databasesremote_sidCO O KIE NAM E PRO VIDER TYPE EXPIRYDEVICE_INFOTESTCOOKIESENABLED<\/td><td>Vedvarende<\/td><td>youtube.com<\/td><td>Brug af Cookiebot<\/td><\/tr><\/tbody><\/table><\/figure>\n\n<p>\u200b<\/p>\n\n<p>\u00c6NDRINGER I COOKIEPOLITIKKEN<\/p>\n\n<p>Vi kan \u00e6ndre denne cookiepolitik fra tid til anden efter eget sk\u00f8n. Hvis vi g\u00f8r det, vil vi offentligg\u00f8re den \u00e6ndrede politik p\u00e5 hjemmesiden. I alle tilf\u00e6lde er brugen af de oplysninger, vi indsamler, underlagt den cookiepolitik, der er g\u00e6ldende p\u00e5 det tidspunkt, hvor s\u00e5danne oplysninger indsamles.<\/p>\n\n<p>KONTAKT<\/p>\n\n<p>Hvis du har sp\u00f8rgsm\u00e5l til denne cookiepolitik, bedes du kontakte os p\u00e5 <a href=\"mailto:info@meaplatform.com\">info@meaplatform.com<\/a><strong><br\/><\/strong><\/p>\n","protected":false},"excerpt":{"rendered":"<p>Denne cookiepolitik (&#8220;Cookiepolitik&#8220;) beskriver, hvordan MEA Platforms Group Limited (&#8220;MEA Platforms&#8220;, &#8220;vi&#8220;, &#8220;vores&#8221; eller &#8220;os&#8220;) behandler de oplysninger, vi indsamler, n\u00e5r du f\u00e5r adgang til og bruger MEA Platforms websted p\u00e5 https:\/\/meaplatform.com (&#8220;Website&#8220;). L\u00e6s venligst denne cookiepolitik omhyggeligt, f\u00f8r du bruger hjemmesiden. For mere information om, hvordan vi indsamler, bruger og deler dine personlige data, &hellip;<\/p>\n","protected":false},"author":1,"featured_media":0,"parent":0,"menu_order":0,"comment_status":"closed","ping_status":"closed","template":"","meta":{"_acf_changed":false,"inline_featured_image":false,"_genesis_block_theme_hide_title":false,"footnotes":""},"class_list":["post-8266","page","type-page","status-publish","hentry","post","without-featured-image"],"acf":[],"yoast_head":"<!-- This site is optimized with the Yoast SEO Premium plugin v27.3 (Yoast SEO v27.3) - https:\/\/yoast.com\/product\/yoast-seo-premium-wordpress\/ -->\n<title>Cookie-politik &#8211; mea platform<\/title>\n<meta name=\"robots\" content=\"index, follow, max-snippet:-1, max-image-preview:large, max-video-preview:-1\" \/>\n<link rel=\"canonical\" href=\"https:\/\/www.meaplatform.com\/da\/cookie-politik\/\" \/>\n<meta property=\"og:locale\" content=\"da_DK\" \/>\n<meta property=\"og:type\" content=\"article\" \/>\n<meta property=\"og:title\" content=\"Cookie-politik\" \/>\n<meta property=\"og:description\" content=\"Denne cookiepolitik (&#8220;Cookiepolitik&#8220;) beskriver, hvordan MEA Platforms Group Limited (&#8220;MEA Platforms&#8220;, &#8220;vi&#8220;, &#8220;vores&#8221; eller &#8220;os&#8220;) behandler de oplysninger, vi indsamler, n\u00e5r du f\u00e5r adgang til og bruger MEA Platforms websted p\u00e5 https:\/\/meaplatform.com (&#8220;Website&#8220;). L\u00e6s venligst denne cookiepolitik omhyggeligt, f\u00f8r du bruger hjemmesiden. For mere information om, hvordan vi indsamler, bruger og deler dine personlige data, &hellip;\" \/>\n<meta property=\"og:url\" content=\"https:\/\/www.meaplatform.com\/da\/cookie-politik\/\" \/>\n<meta property=\"og:site_name\" content=\"mea platform\" \/>\n<meta property=\"article:modified_time\" content=\"2023-09-20T14:23:25+00:00\" \/>\n<meta name=\"twitter:card\" content=\"summary_large_image\" \/>\n<meta name=\"twitter:label1\" content=\"Estimeret l\u00e6setid\" \/>\n\t<meta name=\"twitter:data1\" content=\"8 minutter\" \/>\n<script type=\"application\/ld+json\" class=\"yoast-schema-graph\">{\"@context\":\"https:\\\/\\\/schema.org\",\"@graph\":[{\"@type\":\"WebPage\",\"@id\":\"https:\\\/\\\/www.meaplatform.com\\\/da\\\/cookie-politik\\\/\",\"url\":\"https:\\\/\\\/www.meaplatform.com\\\/da\\\/cookie-politik\\\/\",\"name\":\"Cookie-politik &#8211; mea platform\",\"isPartOf\":{\"@id\":\"https:\\\/\\\/www.meaplatform.com\\\/#website\"},\"datePublished\":\"2023-01-08T18:02:10+00:00\",\"dateModified\":\"2023-09-20T14:23:25+00:00\",\"breadcrumb\":{\"@id\":\"https:\\\/\\\/www.meaplatform.com\\\/da\\\/cookie-politik\\\/#breadcrumb\"},\"inLanguage\":\"da-DK\",\"potentialAction\":[{\"@type\":\"ReadAction\",\"target\":[\"https:\\\/\\\/www.meaplatform.com\\\/da\\\/cookie-politik\\\/\"]}]},{\"@type\":\"BreadcrumbList\",\"@id\":\"https:\\\/\\\/www.meaplatform.com\\\/da\\\/cookie-politik\\\/#breadcrumb\",\"itemListElement\":[{\"@type\":\"ListItem\",\"position\":1,\"name\":\"Home\",\"item\":\"https:\\\/\\\/www.meaplatform.com\\\/da\\\/\"},{\"@type\":\"ListItem\",\"position\":2,\"name\":\"Cookie-politik\"}]},{\"@type\":\"WebSite\",\"@id\":\"https:\\\/\\\/www.meaplatform.com\\\/#website\",\"url\":\"https:\\\/\\\/www.meaplatform.com\\\/\",\"name\":\"mea Platform\",\"description\":\"\",\"publisher\":{\"@id\":\"https:\\\/\\\/www.meaplatform.com\\\/#organization\"},\"alternateName\":\"mea\",\"potentialAction\":[{\"@type\":\"SearchAction\",\"target\":{\"@type\":\"EntryPoint\",\"urlTemplate\":\"https:\\\/\\\/www.meaplatform.com\\\/?s={search_term_string}\"},\"query-input\":{\"@type\":\"PropertyValueSpecification\",\"valueRequired\":true,\"valueName\":\"search_term_string\"}}],\"inLanguage\":\"da-DK\"},{\"@type\":[\"Organization\",\"Place\"],\"@id\":\"https:\\\/\\\/www.meaplatform.com\\\/#organization\",\"name\":\"mea Platform\",\"url\":\"https:\\\/\\\/www.meaplatform.com\\\/\",\"logo\":{\"@id\":\"https:\\\/\\\/www.meaplatform.com\\\/da\\\/cookie-politik\\\/#local-main-organization-logo\"},\"image\":{\"@id\":\"https:\\\/\\\/www.meaplatform.com\\\/da\\\/cookie-politik\\\/#local-main-organization-logo\"},\"telephone\":[],\"openingHoursSpecification\":[{\"@type\":\"OpeningHoursSpecification\",\"dayOfWeek\":[\"Monday\",\"Tuesday\",\"Wednesday\",\"Thursday\",\"Friday\",\"Saturday\",\"Sunday\"],\"opens\":\"09:00\",\"closes\":\"17:00\"}]},{\"@type\":\"ImageObject\",\"inLanguage\":\"da-DK\",\"@id\":\"https:\\\/\\\/www.meaplatform.com\\\/da\\\/cookie-politik\\\/#local-main-organization-logo\",\"url\":\"https:\\\/\\\/www.meaplatform.com\\\/wp-content\\\/uploads\\\/2023\\\/01\\\/mea-logo.svg\",\"contentUrl\":\"https:\\\/\\\/www.meaplatform.com\\\/wp-content\\\/uploads\\\/2023\\\/01\\\/mea-logo.svg\",\"width\":122,\"height\":60,\"caption\":\"mea Platform\"}]}<\/script>\n<!-- \/ Yoast SEO Premium plugin. -->","yoast_head_json":{"title":"Cookie-politik &#8211; mea platform","robots":{"index":"index","follow":"follow","max-snippet":"max-snippet:-1","max-image-preview":"max-image-preview:large","max-video-preview":"max-video-preview:-1"},"canonical":"https:\/\/www.meaplatform.com\/da\/cookie-politik\/","og_locale":"da_DK","og_type":"article","og_title":"Cookie-politik","og_description":"Denne cookiepolitik (&#8220;Cookiepolitik&#8220;) beskriver, hvordan MEA Platforms Group Limited (&#8220;MEA Platforms&#8220;, &#8220;vi&#8220;, &#8220;vores&#8221; eller &#8220;os&#8220;) behandler de oplysninger, vi indsamler, n\u00e5r du f\u00e5r adgang til og bruger MEA Platforms websted p\u00e5 https:\/\/meaplatform.com (&#8220;Website&#8220;). L\u00e6s venligst denne cookiepolitik omhyggeligt, f\u00f8r du bruger hjemmesiden. For mere information om, hvordan vi indsamler, bruger og deler dine personlige data, &hellip;","og_url":"https:\/\/www.meaplatform.com\/da\/cookie-politik\/","og_site_name":"mea platform","article_modified_time":"2023-09-20T14:23:25+00:00","twitter_card":"summary_large_image","twitter_misc":{"Estimeret l\u00e6setid":"8 minutter"},"schema":{"@context":"https:\/\/schema.org","@graph":[{"@type":"WebPage","@id":"https:\/\/www.meaplatform.com\/da\/cookie-politik\/","url":"https:\/\/www.meaplatform.com\/da\/cookie-politik\/","name":"Cookie-politik &#8211; mea platform","isPartOf":{"@id":"https:\/\/www.meaplatform.com\/#website"},"datePublished":"2023-01-08T18:02:10+00:00","dateModified":"2023-09-20T14:23:25+00:00","breadcrumb":{"@id":"https:\/\/www.meaplatform.com\/da\/cookie-politik\/#breadcrumb"},"inLanguage":"da-DK","potentialAction":[{"@type":"ReadAction","target":["https:\/\/www.meaplatform.com\/da\/cookie-politik\/"]}]},{"@type":"BreadcrumbList","@id":"https:\/\/www.meaplatform.com\/da\/cookie-politik\/#breadcrumb","itemListElement":[{"@type":"ListItem","position":1,"name":"Home","item":"https:\/\/www.meaplatform.com\/da\/"},{"@type":"ListItem","position":2,"name":"Cookie-politik"}]},{"@type":"WebSite","@id":"https:\/\/www.meaplatform.com\/#website","url":"https:\/\/www.meaplatform.com\/","name":"mea Platform","description":"","publisher":{"@id":"https:\/\/www.meaplatform.com\/#organization"},"alternateName":"mea","potentialAction":[{"@type":"SearchAction","target":{"@type":"EntryPoint","urlTemplate":"https:\/\/www.meaplatform.com\/?s={search_term_string}"},"query-input":{"@type":"PropertyValueSpecification","valueRequired":true,"valueName":"search_term_string"}}],"inLanguage":"da-DK"},{"@type":["Organization","Place"],"@id":"https:\/\/www.meaplatform.com\/#organization","name":"mea Platform","url":"https:\/\/www.meaplatform.com\/","logo":{"@id":"https:\/\/www.meaplatform.com\/da\/cookie-politik\/#local-main-organization-logo"},"image":{"@id":"https:\/\/www.meaplatform.com\/da\/cookie-politik\/#local-main-organization-logo"},"telephone":[],"openingHoursSpecification":[{"@type":"OpeningHoursSpecification","dayOfWeek":["Monday","Tuesday","Wednesday","Thursday","Friday","Saturday","Sunday"],"opens":"09:00","closes":"17:00"}]},{"@type":"ImageObject","inLanguage":"da-DK","@id":"https:\/\/www.meaplatform.com\/da\/cookie-politik\/#local-main-organization-logo","url":"https:\/\/www.meaplatform.com\/wp-content\/uploads\/2023\/01\/mea-logo.svg","contentUrl":"https:\/\/www.meaplatform.com\/wp-content\/uploads\/2023\/01\/mea-logo.svg","width":122,"height":60,"caption":"mea Platform"}]}},"featured_image_src":null,"featured_image_src_square":null,"_links":{"self":[{"href":"https:\/\/www.meaplatform.com\/da\/wp-json\/wp\/v2\/pages\/8266","targetHints":{"allow":["GET"]}}],"collection":[{"href":"https:\/\/www.meaplatform.com\/da\/wp-json\/wp\/v2\/pages"}],"about":[{"href":"https:\/\/www.meaplatform.com\/da\/wp-json\/wp\/v2\/types\/page"}],"author":[{"embeddable":true,"href":"https:\/\/www.meaplatform.com\/da\/wp-json\/wp\/v2\/users\/1"}],"replies":[{"embeddable":true,"href":"https:\/\/www.meaplatform.com\/da\/wp-json\/wp\/v2\/comments?post=8266"}],"version-history":[{"count":0,"href":"https:\/\/www.meaplatform.com\/da\/wp-json\/wp\/v2\/pages\/8266\/revisions"}],"wp:attachment":[{"href":"https:\/\/www.meaplatform.com\/da\/wp-json\/wp\/v2\/media?parent=8266"}],"curies":[{"name":"wp","href":"https:\/\/api.w.org\/{rel}","templated":true}]}}