{"id":5675,"date":"2023-01-20T00:57:12","date_gmt":"2023-01-20T00:57:12","guid":{"rendered":"http:\/\/localhost:10024\/recursos\/"},"modified":"2023-03-19T16:31:03","modified_gmt":"2023-03-19T16:31:03","slug":"recursos","status":"publish","type":"page","link":"https:\/\/www.meaplatform.com\/es\/recursos\/","title":{"rendered":"Recursos"},"content":{"rendered":"\n<div class=\"wp-block-genesis-blocks-gb-columns news-banner gb-layout-columns-2 gb-2-col-equal gb-columns-center alignfull\"><div class=\"gb-layout-column-wrap gb-block-layout-column-gap-2 gb-is-responsive-column\" style=\"max-width:1210px\">\n<div class=\"wp-block-genesis-blocks-gb-column gb-block-layout-column\"><div class=\"gb-block-layout-column-inner\">\n<h1 class=\"wp-block-heading\">nuestra seguridad de la informaci\u00f3n y descargas de recursos<\/h1>\n\n\n\n<p>mea conoce bien los requisitos reglamentarios para aseguradoras, corredores y MGA y se enorgullece de superar estas normas.<\/p>\n<\/div><\/div>\n\n\n\n<div class=\"wp-block-genesis-blocks-gb-column gb-block-layout-column\"><div class=\"gb-block-layout-column-inner\">\n<p><\/p>\n\n\n<div class=\"wp-block-image green-arrow\">\n<figure class=\"aligncenter size-full\"><img loading=\"lazy\" decoding=\"async\" width=\"20\" height=\"128\" src=\"https:\/\/www.meaplatform.com\/wp-content\/uploads\/2022\/12\/down-arrow.png\" alt=\"\" class=\"wp-image-131\"\/><\/figure>\n<\/div><\/div><\/div>\n<\/div><\/div>\n\n\n\n<div class=\"wp-block-genesis-blocks-gb-columns downloads gb-layout-columns-1 one-column gb-columns-center alignfull\"><div class=\"gb-layout-column-wrap gb-block-layout-column-gap-2 gb-is-responsive-column\" style=\"max-width:1210px\">\n<div class=\"wp-block-genesis-blocks-gb-column gb-block-layout-column\"><div class=\"gb-block-layout-column-inner\">\n<div class=\"wp-block-columns is-layout-flex wp-container-core-columns-is-layout-9d6595d7 wp-block-columns-is-layout-flex\">\n<div class=\"wp-block-column is-vertically-aligned-center is-layout-flow wp-block-column-is-layout-flow\">\n<figure class=\"wp-block-image size-large is-resized\"><img loading=\"lazy\" decoding=\"async\" src=\"https:\/\/www.meaplatform.com\/wp-content\/uploads\/2023\/03\/ISO-CERTIFIED-968x1024.png\" alt=\"\" class=\"wp-image-4329\" width=\"174\" height=\"183\" srcset=\"https:\/\/www.meaplatform.com\/wp-content\/uploads\/2023\/03\/ISO-CERTIFIED-968x1024.png 968w, https:\/\/www.meaplatform.com\/wp-content\/uploads\/2023\/03\/ISO-CERTIFIED-284x300.png 284w, https:\/\/www.meaplatform.com\/wp-content\/uploads\/2023\/03\/ISO-CERTIFIED-768x812.png 768w, https:\/\/www.meaplatform.com\/wp-content\/uploads\/2023\/03\/ISO-CERTIFIED-1452x1536.png 1452w, https:\/\/www.meaplatform.com\/wp-content\/uploads\/2023\/03\/ISO-CERTIFIED-1200x1269.png 1200w, https:\/\/www.meaplatform.com\/wp-content\/uploads\/2023\/03\/ISO-CERTIFIED-1400x1481.png 1400w, https:\/\/www.meaplatform.com\/wp-content\/uploads\/2023\/03\/ISO-CERTIFIED-300x317.png 300w, https:\/\/www.meaplatform.com\/wp-content\/uploads\/2023\/03\/ISO-CERTIFIED.png 1593w\" sizes=\"auto, (max-width: 174px) 100vw, 174px\" \/><\/figure>\n<\/div>\n\n\n\n<div class=\"wp-block-column is-vertically-aligned-center is-layout-flow wp-block-column-is-layout-flow\">\n<figure class=\"wp-block-image size-large is-resized\"><img loading=\"lazy\" decoding=\"async\" src=\"https:\/\/www.meaplatform.com\/wp-content\/uploads\/2023\/03\/GDPR-968x1024.png\" alt=\"\" class=\"wp-image-4327\" width=\"174\" height=\"183\" srcset=\"https:\/\/www.meaplatform.com\/wp-content\/uploads\/2023\/03\/GDPR-968x1024.png 968w, https:\/\/www.meaplatform.com\/wp-content\/uploads\/2023\/03\/GDPR-284x300.png 284w, https:\/\/www.meaplatform.com\/wp-content\/uploads\/2023\/03\/GDPR-768x812.png 768w, https:\/\/www.meaplatform.com\/wp-content\/uploads\/2023\/03\/GDPR-1452x1536.png 1452w, https:\/\/www.meaplatform.com\/wp-content\/uploads\/2023\/03\/GDPR-1200x1269.png 1200w, https:\/\/www.meaplatform.com\/wp-content\/uploads\/2023\/03\/GDPR-1400x1481.png 1400w, https:\/\/www.meaplatform.com\/wp-content\/uploads\/2023\/03\/GDPR-300x317.png 300w, https:\/\/www.meaplatform.com\/wp-content\/uploads\/2023\/03\/GDPR.png 1593w\" sizes=\"auto, (max-width: 174px) 100vw, 174px\" \/><\/figure>\n<\/div>\n\n\n\n<div class=\"wp-block-column is-vertically-aligned-center is-layout-flow wp-block-column-is-layout-flow\">\n<figure class=\"wp-block-image size-large\"><img loading=\"lazy\" decoding=\"async\" width=\"968\" height=\"1024\" src=\"https:\/\/www.meaplatform.com\/wp-content\/uploads\/2023\/03\/AIPCA-SOC-968x1024.png\" alt=\"\" class=\"wp-image-4326\" srcset=\"https:\/\/www.meaplatform.com\/wp-content\/uploads\/2023\/03\/AIPCA-SOC-968x1024.png 968w, https:\/\/www.meaplatform.com\/wp-content\/uploads\/2023\/03\/AIPCA-SOC-284x300.png 284w, https:\/\/www.meaplatform.com\/wp-content\/uploads\/2023\/03\/AIPCA-SOC-768x812.png 768w, https:\/\/www.meaplatform.com\/wp-content\/uploads\/2023\/03\/AIPCA-SOC-1452x1536.png 1452w, https:\/\/www.meaplatform.com\/wp-content\/uploads\/2023\/03\/AIPCA-SOC-1200x1269.png 1200w, https:\/\/www.meaplatform.com\/wp-content\/uploads\/2023\/03\/AIPCA-SOC-1400x1481.png 1400w, https:\/\/www.meaplatform.com\/wp-content\/uploads\/2023\/03\/AIPCA-SOC-300x317.png 300w, https:\/\/www.meaplatform.com\/wp-content\/uploads\/2023\/03\/AIPCA-SOC.png 1593w\" sizes=\"auto, (max-width: 968px) 100vw, 968px\" \/><\/figure>\n<\/div>\n\n\n\n<div class=\"wp-block-column is-layout-flow wp-block-column-is-layout-flow\"><div class=\"wp-block-image\">\n<figure class=\"alignright size-large\"><img loading=\"lazy\" decoding=\"async\" width=\"968\" height=\"1024\" src=\"https:\/\/www.meaplatform.com\/wp-content\/uploads\/2023\/03\/HIPAA-COMPLIANT-968x1024.png\" alt=\"\" class=\"wp-image-4328\" srcset=\"https:\/\/www.meaplatform.com\/wp-content\/uploads\/2023\/03\/HIPAA-COMPLIANT-968x1024.png 968w, https:\/\/www.meaplatform.com\/wp-content\/uploads\/2023\/03\/HIPAA-COMPLIANT-284x300.png 284w, https:\/\/www.meaplatform.com\/wp-content\/uploads\/2023\/03\/HIPAA-COMPLIANT-768x812.png 768w, https:\/\/www.meaplatform.com\/wp-content\/uploads\/2023\/03\/HIPAA-COMPLIANT-1452x1536.png 1452w, https:\/\/www.meaplatform.com\/wp-content\/uploads\/2023\/03\/HIPAA-COMPLIANT-1200x1269.png 1200w, https:\/\/www.meaplatform.com\/wp-content\/uploads\/2023\/03\/HIPAA-COMPLIANT-1400x1481.png 1400w, https:\/\/www.meaplatform.com\/wp-content\/uploads\/2023\/03\/HIPAA-COMPLIANT-300x317.png 300w, https:\/\/www.meaplatform.com\/wp-content\/uploads\/2023\/03\/HIPAA-COMPLIANT.png 1593w\" sizes=\"auto, (max-width: 968px) 100vw, 968px\" \/><\/figure>\n<\/div><\/div>\n<\/div>\n\n\n\n<h2 class=\"wp-block-heading\">documentos<\/h2>\n\n\n\n<div class=\"wp-block-file\"><a id=\"wp-block-file--media-d35285a1-3a48-4e61-a3ae-a3309aebfe1f\" href=\"https:\/\/www.meaplatform.com\/wp-content\/uploads\/2023\/03\/Information-security-FAQ.pdf\" target=\"_blank\" rel=\"noreferrer noopener\">Inf\u00f3rmese sobre las normas de seguridad mea a trav\u00e9s de las preguntas m\u00e1s frecuentes<\/a><a href=\"https:\/\/www.meaplatform.com\/wp-content\/uploads\/2023\/03\/Information-security-FAQ.pdf\" class=\"wp-block-file__button wp-element-button\" download aria-describedby=\"wp-block-file--media-d35285a1-3a48-4e61-a3ae-a3309aebfe1f\">Descargar<\/a><\/div>\n\n\n\n<div class=\"wp-block-file\"><a id=\"wp-block-file--media-d35285a1-3a48-4e61-a3ae-a3309aebfe1f\" href=\"https:\/\/www.meaplatform.com\/wp-content\/uploads\/2023\/03\/automating_processes_speeding_up_operations_report-1.pdf\" target=\"_blank\" rel=\"noreferrer noopener\">Informe InsTech: automatizar procesos y agilizar operaciones<\/a><a href=\"https:\/\/www.meaplatform.com\/wp-content\/uploads\/2023\/03\/automating_processes_speeding_up_operations_report-1.pdf\" class=\"wp-block-file__button wp-element-button\" download aria-describedby=\"wp-block-file--media-d35285a1-3a48-4e61-a3ae-a3309aebfe1f\">Descargar<\/a><\/div>\n\n\n\n<h2 class=\"wp-block-heading\">notas de la versi\u00f3n<\/h2>\n\n\n\n<div class=\"wp-block-file\"><a id=\"wp-block-file--media-ce880304-3fd0-4407-9e60-1cef76849004\" href=\"https:\/\/www.meaplatform.com\/wp-content\/uploads\/2023\/01\/Light-mode.png\">notas de la \u00faltima versi\u00f3n<\/a><a href=\"https:\/\/www.meaplatform.com\/wp-content\/uploads\/2023\/01\/Light-mode.png\" class=\"wp-block-file__button wp-element-button\" download aria-describedby=\"wp-block-file--media-ce880304-3fd0-4407-9e60-1cef76849004\">Descargar<\/a><\/div>\n<\/div><\/div>\n<\/div><\/div>\n\n\n\n<div class=\"wp-block-genesis-blocks-gb-columns gb-slate-section-hero-with-buttons gb-slate-section-hero-buttons section-7 gb-layout-columns-1 one-column gb-has-background-dim gb-has-background-dim-20 alignfull\" style=\"background-position:48% 72%\"><div class=\"gb-layout-column-wrap gb-block-layout-column-gap-1 gb-is-responsive-column\">\n<div class=\"wp-block-genesis-blocks-gb-column section-7-inner gb-block-layout-column\"><div class=\"gb-block-layout-column-inner\">\n<div class=\"wp-block-columns is-layout-flex wp-container-core-columns-is-layout-9d6595d7 wp-block-columns-is-layout-flex\">\n<div class=\"wp-block-column left-column is-layout-flow wp-block-column-is-layout-flow\"><div class=\"wp-block-image section-7-bg-logo\">\n<figure class=\"aligncenter size-full\"><img loading=\"lazy\" decoding=\"async\" width=\"430\" height=\"541\" src=\"https:\/\/www.meaplatform.com\/wp-content\/uploads\/2023\/01\/more-transparent-logo.png\" alt=\"\" class=\"wp-image-3546\" srcset=\"https:\/\/www.meaplatform.com\/wp-content\/uploads\/2023\/01\/more-transparent-logo.png 430w, https:\/\/www.meaplatform.com\/wp-content\/uploads\/2023\/01\/more-transparent-logo-238x300.png 238w, https:\/\/www.meaplatform.com\/wp-content\/uploads\/2023\/01\/more-transparent-logo-300x377.png 300w\" sizes=\"auto, (max-width: 430px) 100vw, 430px\" \/><\/figure>\n<\/div><\/div>\n\n\n\n<div class=\"wp-block-column section-7-right-col is-layout-flow wp-block-column-is-layout-flow\">\n<h2 class=\"wp-block-heading\" style=\"font-size:4rem\">ponerse en contacto<\/h2>\n\n\n\n<p>find out how mea could help your business, click here<\/p>\n\n\n\n<div class=\"wp-block-buttons is-layout-flex wp-block-buttons-is-layout-flex\">\n<div class=\"wp-block-button is-style-fill\"><a class=\"wp-block-button__link has-dark-green-color has-white-background-color has-text-color has-background wp-element-button\" href=\"https:\/\/www.meaplatform.com\/es\/contacte-con\/\">Ponte en contacto con nosotros<\/a><\/div>\n\n\n\n<div class=\"wp-block-button is-black-outline is-style-outline is-style-outline--1\"><a class=\"wp-block-button__link wp-element-button\" href=\"https:\/\/ingestion.meaplatform.com\/login\">Try intelligent submissions<\/a><\/div>\n<\/div>\n<\/div>\n<\/div>\n<\/div><\/div>\n<\/div><\/div>\n","protected":false},"excerpt":{"rendered":"","protected":false},"author":1,"featured_media":0,"parent":0,"menu_order":0,"comment_status":"closed","ping_status":"closed","template":"","meta":{"_acf_changed":false,"inline_featured_image":false,"_genesis_block_theme_hide_title":true,"footnotes":""},"class_list":["post-5675","page","type-page","status-publish","hentry","post","without-featured-image"],"acf":[],"yoast_head":"<!-- This site is optimized with the Yoast SEO Premium plugin v27.3 (Yoast SEO v27.3) - https:\/\/yoast.com\/product\/yoast-seo-premium-wordpress\/ -->\n<title>Recursos &#8211; mea platform<\/title>\n<meta name=\"robots\" content=\"index, follow, max-snippet:-1, max-image-preview:large, max-video-preview:-1\" \/>\n<link rel=\"canonical\" href=\"https:\/\/www.meaplatform.com\/es\/recursos\/\" \/>\n<meta property=\"og:locale\" content=\"es_ES\" \/>\n<meta property=\"og:type\" content=\"article\" \/>\n<meta property=\"og:title\" content=\"Recursos\" \/>\n<meta property=\"og:url\" content=\"https:\/\/www.meaplatform.com\/es\/recursos\/\" \/>\n<meta property=\"og:site_name\" content=\"mea platform\" \/>\n<meta property=\"article:modified_time\" content=\"2023-03-19T16:31:03+00:00\" \/>\n<meta property=\"og:image\" content=\"https:\/\/www.meaplatform.com\/wp-content\/uploads\/2022\/12\/down-arrow.png\" \/>\n<meta name=\"twitter:card\" content=\"summary_large_image\" \/>\n<meta name=\"twitter:label1\" content=\"Tiempo de lectura\" \/>\n\t<meta name=\"twitter:data1\" content=\"2 minutos\" \/>\n<script type=\"application\/ld+json\" class=\"yoast-schema-graph\">{\"@context\":\"https:\\\/\\\/schema.org\",\"@graph\":[{\"@type\":\"WebPage\",\"@id\":\"https:\\\/\\\/www.meaplatform.com\\\/es\\\/recursos\\\/\",\"url\":\"https:\\\/\\\/www.meaplatform.com\\\/es\\\/recursos\\\/\",\"name\":\"Recursos &#8211; mea platform\",\"isPartOf\":{\"@id\":\"https:\\\/\\\/www.meaplatform.com\\\/#website\"},\"primaryImageOfPage\":{\"@id\":\"https:\\\/\\\/www.meaplatform.com\\\/es\\\/recursos\\\/#primaryimage\"},\"image\":{\"@id\":\"https:\\\/\\\/www.meaplatform.com\\\/es\\\/recursos\\\/#primaryimage\"},\"thumbnailUrl\":\"https:\\\/\\\/www.meaplatform.com\\\/wp-content\\\/uploads\\\/2022\\\/12\\\/down-arrow.png\",\"datePublished\":\"2023-01-20T00:57:12+00:00\",\"dateModified\":\"2023-03-19T16:31:03+00:00\",\"breadcrumb\":{\"@id\":\"https:\\\/\\\/www.meaplatform.com\\\/es\\\/recursos\\\/#breadcrumb\"},\"inLanguage\":\"es\",\"potentialAction\":[{\"@type\":\"ReadAction\",\"target\":[\"https:\\\/\\\/www.meaplatform.com\\\/es\\\/recursos\\\/\"]}]},{\"@type\":\"ImageObject\",\"inLanguage\":\"es\",\"@id\":\"https:\\\/\\\/www.meaplatform.com\\\/es\\\/recursos\\\/#primaryimage\",\"url\":\"https:\\\/\\\/www.meaplatform.com\\\/wp-content\\\/uploads\\\/2022\\\/12\\\/down-arrow.png\",\"contentUrl\":\"https:\\\/\\\/www.meaplatform.com\\\/wp-content\\\/uploads\\\/2022\\\/12\\\/down-arrow.png\"},{\"@type\":\"BreadcrumbList\",\"@id\":\"https:\\\/\\\/www.meaplatform.com\\\/es\\\/recursos\\\/#breadcrumb\",\"itemListElement\":[{\"@type\":\"ListItem\",\"position\":1,\"name\":\"Home\",\"item\":\"https:\\\/\\\/www.meaplatform.com\\\/es\\\/\"},{\"@type\":\"ListItem\",\"position\":2,\"name\":\"Recursos\"}]},{\"@type\":\"WebSite\",\"@id\":\"https:\\\/\\\/www.meaplatform.com\\\/#website\",\"url\":\"https:\\\/\\\/www.meaplatform.com\\\/\",\"name\":\"mea Platform\",\"description\":\"\",\"publisher\":{\"@id\":\"https:\\\/\\\/www.meaplatform.com\\\/#organization\"},\"alternateName\":\"mea\",\"potentialAction\":[{\"@type\":\"SearchAction\",\"target\":{\"@type\":\"EntryPoint\",\"urlTemplate\":\"https:\\\/\\\/www.meaplatform.com\\\/?s={search_term_string}\"},\"query-input\":{\"@type\":\"PropertyValueSpecification\",\"valueRequired\":true,\"valueName\":\"search_term_string\"}}],\"inLanguage\":\"es\"},{\"@type\":[\"Organization\",\"Place\"],\"@id\":\"https:\\\/\\\/www.meaplatform.com\\\/#organization\",\"name\":\"mea Platform\",\"url\":\"https:\\\/\\\/www.meaplatform.com\\\/\",\"logo\":{\"@id\":\"https:\\\/\\\/www.meaplatform.com\\\/es\\\/recursos\\\/#local-main-organization-logo\"},\"image\":{\"@id\":\"https:\\\/\\\/www.meaplatform.com\\\/es\\\/recursos\\\/#local-main-organization-logo\"},\"telephone\":[],\"openingHoursSpecification\":[{\"@type\":\"OpeningHoursSpecification\",\"dayOfWeek\":[\"Monday\",\"Tuesday\",\"Wednesday\",\"Thursday\",\"Friday\",\"Saturday\",\"Sunday\"],\"opens\":\"09:00\",\"closes\":\"17:00\"}]},{\"@type\":\"ImageObject\",\"inLanguage\":\"es\",\"@id\":\"https:\\\/\\\/www.meaplatform.com\\\/es\\\/recursos\\\/#local-main-organization-logo\",\"url\":\"https:\\\/\\\/www.meaplatform.com\\\/wp-content\\\/uploads\\\/2023\\\/01\\\/mea-logo.svg\",\"contentUrl\":\"https:\\\/\\\/www.meaplatform.com\\\/wp-content\\\/uploads\\\/2023\\\/01\\\/mea-logo.svg\",\"width\":122,\"height\":60,\"caption\":\"mea Platform\"}]}<\/script>\n<!-- \/ Yoast SEO Premium plugin. -->","yoast_head_json":{"title":"Recursos &#8211; mea platform","robots":{"index":"index","follow":"follow","max-snippet":"max-snippet:-1","max-image-preview":"max-image-preview:large","max-video-preview":"max-video-preview:-1"},"canonical":"https:\/\/www.meaplatform.com\/es\/recursos\/","og_locale":"es_ES","og_type":"article","og_title":"Recursos","og_url":"https:\/\/www.meaplatform.com\/es\/recursos\/","og_site_name":"mea platform","article_modified_time":"2023-03-19T16:31:03+00:00","og_image":[{"url":"https:\/\/www.meaplatform.com\/wp-content\/uploads\/2022\/12\/down-arrow.png","type":"","width":"","height":""}],"twitter_card":"summary_large_image","twitter_misc":{"Tiempo de lectura":"2 minutos"},"schema":{"@context":"https:\/\/schema.org","@graph":[{"@type":"WebPage","@id":"https:\/\/www.meaplatform.com\/es\/recursos\/","url":"https:\/\/www.meaplatform.com\/es\/recursos\/","name":"Recursos &#8211; mea platform","isPartOf":{"@id":"https:\/\/www.meaplatform.com\/#website"},"primaryImageOfPage":{"@id":"https:\/\/www.meaplatform.com\/es\/recursos\/#primaryimage"},"image":{"@id":"https:\/\/www.meaplatform.com\/es\/recursos\/#primaryimage"},"thumbnailUrl":"https:\/\/www.meaplatform.com\/wp-content\/uploads\/2022\/12\/down-arrow.png","datePublished":"2023-01-20T00:57:12+00:00","dateModified":"2023-03-19T16:31:03+00:00","breadcrumb":{"@id":"https:\/\/www.meaplatform.com\/es\/recursos\/#breadcrumb"},"inLanguage":"es","potentialAction":[{"@type":"ReadAction","target":["https:\/\/www.meaplatform.com\/es\/recursos\/"]}]},{"@type":"ImageObject","inLanguage":"es","@id":"https:\/\/www.meaplatform.com\/es\/recursos\/#primaryimage","url":"https:\/\/www.meaplatform.com\/wp-content\/uploads\/2022\/12\/down-arrow.png","contentUrl":"https:\/\/www.meaplatform.com\/wp-content\/uploads\/2022\/12\/down-arrow.png"},{"@type":"BreadcrumbList","@id":"https:\/\/www.meaplatform.com\/es\/recursos\/#breadcrumb","itemListElement":[{"@type":"ListItem","position":1,"name":"Home","item":"https:\/\/www.meaplatform.com\/es\/"},{"@type":"ListItem","position":2,"name":"Recursos"}]},{"@type":"WebSite","@id":"https:\/\/www.meaplatform.com\/#website","url":"https:\/\/www.meaplatform.com\/","name":"mea Platform","description":"","publisher":{"@id":"https:\/\/www.meaplatform.com\/#organization"},"alternateName":"mea","potentialAction":[{"@type":"SearchAction","target":{"@type":"EntryPoint","urlTemplate":"https:\/\/www.meaplatform.com\/?s={search_term_string}"},"query-input":{"@type":"PropertyValueSpecification","valueRequired":true,"valueName":"search_term_string"}}],"inLanguage":"es"},{"@type":["Organization","Place"],"@id":"https:\/\/www.meaplatform.com\/#organization","name":"mea Platform","url":"https:\/\/www.meaplatform.com\/","logo":{"@id":"https:\/\/www.meaplatform.com\/es\/recursos\/#local-main-organization-logo"},"image":{"@id":"https:\/\/www.meaplatform.com\/es\/recursos\/#local-main-organization-logo"},"telephone":[],"openingHoursSpecification":[{"@type":"OpeningHoursSpecification","dayOfWeek":["Monday","Tuesday","Wednesday","Thursday","Friday","Saturday","Sunday"],"opens":"09:00","closes":"17:00"}]},{"@type":"ImageObject","inLanguage":"es","@id":"https:\/\/www.meaplatform.com\/es\/recursos\/#local-main-organization-logo","url":"https:\/\/www.meaplatform.com\/wp-content\/uploads\/2023\/01\/mea-logo.svg","contentUrl":"https:\/\/www.meaplatform.com\/wp-content\/uploads\/2023\/01\/mea-logo.svg","width":122,"height":60,"caption":"mea Platform"}]}},"featured_image_src":null,"featured_image_src_square":null,"_links":{"self":[{"href":"https:\/\/www.meaplatform.com\/es\/wp-json\/wp\/v2\/pages\/5675","targetHints":{"allow":["GET"]}}],"collection":[{"href":"https:\/\/www.meaplatform.com\/es\/wp-json\/wp\/v2\/pages"}],"about":[{"href":"https:\/\/www.meaplatform.com\/es\/wp-json\/wp\/v2\/types\/page"}],"author":[{"embeddable":true,"href":"https:\/\/www.meaplatform.com\/es\/wp-json\/wp\/v2\/users\/1"}],"replies":[{"embeddable":true,"href":"https:\/\/www.meaplatform.com\/es\/wp-json\/wp\/v2\/comments?post=5675"}],"version-history":[{"count":0,"href":"https:\/\/www.meaplatform.com\/es\/wp-json\/wp\/v2\/pages\/5675\/revisions"}],"wp:attachment":[{"href":"https:\/\/www.meaplatform.com\/es\/wp-json\/wp\/v2\/media?parent=5675"}],"curies":[{"name":"wp","href":"https:\/\/api.w.org\/{rel}","templated":true}]}}