{"id":5466,"date":"2022-12-24T17:14:54","date_gmt":"2022-12-24T17:14:54","guid":{"rendered":"http:\/\/localhost:10004\/actualites-communiques-de-presse\/"},"modified":"2023-04-05T12:21:51","modified_gmt":"2023-04-05T12:21:51","slug":"actualites-communiques-de-presse","status":"publish","type":"page","link":"https:\/\/www.meaplatform.com\/fr\/actualites-communiques-de-presse\/","title":{"rendered":"Actualit\u00e9s \/ Communiqu\u00e9s de presse"},"content":{"rendered":"\n<p>Cette page utilise un mod\u00e8le d&rsquo;archive pour obtenir l&rsquo;effet de filtrage. Le fichier mod\u00e8le s&rsquo;appelle page-64.php<\/p>\n","protected":false},"excerpt":{"rendered":"<p>Cette page utilise un mod\u00e8le d&rsquo;archive pour obtenir l&rsquo;effet de filtrage. Le fichier mod\u00e8le s&rsquo;appelle page-64.php<\/p>\n","protected":false},"author":1,"featured_media":0,"parent":0,"menu_order":0,"comment_status":"closed","ping_status":"closed","template":"page-news.php","meta":{"_acf_changed":false,"inline_featured_image":false,"_genesis_block_theme_hide_title":false,"footnotes":""},"class_list":["post-5466","page","type-page","status-publish","hentry","post","without-featured-image"],"acf":[],"yoast_head":"<!-- This site is optimized with the Yoast SEO Premium plugin v27.3 (Yoast SEO v27.3) - https:\/\/yoast.com\/product\/yoast-seo-premium-wordpress\/ -->\n<title>Actualit\u00e9s \/ Communiqu\u00e9s de presse &#8211; mea platform<\/title>\n<meta name=\"robots\" content=\"index, follow, max-snippet:-1, max-image-preview:large, max-video-preview:-1\" \/>\n<link rel=\"canonical\" href=\"https:\/\/www.meaplatform.com\/fr\/actualites-communiques-de-presse\/\" \/>\n<meta property=\"og:locale\" content=\"fr_FR\" \/>\n<meta property=\"og:type\" content=\"article\" \/>\n<meta property=\"og:title\" content=\"Actualit\u00e9s \/ Communiqu\u00e9s de presse\" \/>\n<meta property=\"og:description\" content=\"Cette page utilise un mod\u00e8le d&rsquo;archive pour obtenir l&rsquo;effet de filtrage. Le fichier mod\u00e8le s&rsquo;appelle page-64.php\" \/>\n<meta property=\"og:url\" content=\"https:\/\/www.meaplatform.com\/fr\/actualites-communiques-de-presse\/\" \/>\n<meta property=\"og:site_name\" content=\"mea platform\" \/>\n<meta property=\"article:modified_time\" content=\"2023-04-05T12:21:51+00:00\" \/>\n<meta name=\"twitter:card\" content=\"summary_large_image\" \/>\n<meta name=\"twitter:label1\" content=\"Dur\u00e9e de lecture estim\u00e9e\" \/>\n\t<meta name=\"twitter:data1\" content=\"1 minute\" \/>\n<script type=\"application\/ld+json\" class=\"yoast-schema-graph\">{\"@context\":\"https:\\\/\\\/schema.org\",\"@graph\":[{\"@type\":\"WebPage\",\"@id\":\"https:\\\/\\\/www.meaplatform.com\\\/fr\\\/actualites-communiques-de-presse\\\/\",\"url\":\"https:\\\/\\\/www.meaplatform.com\\\/fr\\\/actualites-communiques-de-presse\\\/\",\"name\":\"Actualit\u00e9s \\\/ Communiqu\u00e9s de presse &#8211; mea platform\",\"isPartOf\":{\"@id\":\"https:\\\/\\\/www.meaplatform.com\\\/#website\"},\"datePublished\":\"2022-12-24T17:14:54+00:00\",\"dateModified\":\"2023-04-05T12:21:51+00:00\",\"breadcrumb\":{\"@id\":\"https:\\\/\\\/www.meaplatform.com\\\/fr\\\/actualites-communiques-de-presse\\\/#breadcrumb\"},\"inLanguage\":\"fr-FR\",\"potentialAction\":[{\"@type\":\"ReadAction\",\"target\":[\"https:\\\/\\\/www.meaplatform.com\\\/fr\\\/actualites-communiques-de-presse\\\/\"]}]},{\"@type\":\"BreadcrumbList\",\"@id\":\"https:\\\/\\\/www.meaplatform.com\\\/fr\\\/actualites-communiques-de-presse\\\/#breadcrumb\",\"itemListElement\":[{\"@type\":\"ListItem\",\"position\":1,\"name\":\"Home\",\"item\":\"https:\\\/\\\/www.meaplatform.com\\\/fr\\\/\"},{\"@type\":\"ListItem\",\"position\":2,\"name\":\"Actualit\u00e9s \\\/ Communiqu\u00e9s de presse\"}]},{\"@type\":\"WebSite\",\"@id\":\"https:\\\/\\\/www.meaplatform.com\\\/#website\",\"url\":\"https:\\\/\\\/www.meaplatform.com\\\/\",\"name\":\"mea Platform\",\"description\":\"\",\"publisher\":{\"@id\":\"https:\\\/\\\/www.meaplatform.com\\\/#organization\"},\"alternateName\":\"mea\",\"potentialAction\":[{\"@type\":\"SearchAction\",\"target\":{\"@type\":\"EntryPoint\",\"urlTemplate\":\"https:\\\/\\\/www.meaplatform.com\\\/?s={search_term_string}\"},\"query-input\":{\"@type\":\"PropertyValueSpecification\",\"valueRequired\":true,\"valueName\":\"search_term_string\"}}],\"inLanguage\":\"fr-FR\"},{\"@type\":[\"Organization\",\"Place\"],\"@id\":\"https:\\\/\\\/www.meaplatform.com\\\/#organization\",\"name\":\"mea platform\",\"url\":\"https:\\\/\\\/www.meaplatform.com\\\/\",\"logo\":{\"@id\":\"https:\\\/\\\/www.meaplatform.com\\\/fr\\\/actualites-communiques-de-presse\\\/#local-main-organization-logo\"},\"image\":{\"@id\":\"https:\\\/\\\/www.meaplatform.com\\\/fr\\\/actualites-communiques-de-presse\\\/#local-main-organization-logo\"},\"telephone\":[],\"openingHoursSpecification\":[{\"@type\":\"OpeningHoursSpecification\",\"dayOfWeek\":[\"Monday\",\"Tuesday\",\"Wednesday\",\"Thursday\",\"Friday\",\"Saturday\",\"Sunday\"],\"opens\":\"09:00\",\"closes\":\"17:00\"}]},{\"@type\":\"ImageObject\",\"inLanguage\":\"fr-FR\",\"@id\":\"https:\\\/\\\/www.meaplatform.com\\\/fr\\\/actualites-communiques-de-presse\\\/#local-main-organization-logo\",\"url\":\"https:\\\/\\\/www.meaplatform.com\\\/wp-content\\\/uploads\\\/2023\\\/01\\\/mea-logo.svg\",\"contentUrl\":\"https:\\\/\\\/www.meaplatform.com\\\/wp-content\\\/uploads\\\/2023\\\/01\\\/mea-logo.svg\",\"width\":122,\"height\":60,\"caption\":\"mea platform\"}]}<\/script>\n<!-- \/ Yoast SEO Premium plugin. -->","yoast_head_json":{"title":"Actualit\u00e9s \/ Communiqu\u00e9s de presse &#8211; mea platform","robots":{"index":"index","follow":"follow","max-snippet":"max-snippet:-1","max-image-preview":"max-image-preview:large","max-video-preview":"max-video-preview:-1"},"canonical":"https:\/\/www.meaplatform.com\/fr\/actualites-communiques-de-presse\/","og_locale":"fr_FR","og_type":"article","og_title":"Actualit\u00e9s \/ Communiqu\u00e9s de presse","og_description":"Cette page utilise un mod\u00e8le d&rsquo;archive pour obtenir l&rsquo;effet de filtrage. Le fichier mod\u00e8le s&rsquo;appelle page-64.php","og_url":"https:\/\/www.meaplatform.com\/fr\/actualites-communiques-de-presse\/","og_site_name":"mea platform","article_modified_time":"2023-04-05T12:21:51+00:00","twitter_card":"summary_large_image","twitter_misc":{"Dur\u00e9e de lecture estim\u00e9e":"1 minute"},"schema":{"@context":"https:\/\/schema.org","@graph":[{"@type":"WebPage","@id":"https:\/\/www.meaplatform.com\/fr\/actualites-communiques-de-presse\/","url":"https:\/\/www.meaplatform.com\/fr\/actualites-communiques-de-presse\/","name":"Actualit\u00e9s \/ Communiqu\u00e9s de presse &#8211; mea platform","isPartOf":{"@id":"https:\/\/www.meaplatform.com\/#website"},"datePublished":"2022-12-24T17:14:54+00:00","dateModified":"2023-04-05T12:21:51+00:00","breadcrumb":{"@id":"https:\/\/www.meaplatform.com\/fr\/actualites-communiques-de-presse\/#breadcrumb"},"inLanguage":"fr-FR","potentialAction":[{"@type":"ReadAction","target":["https:\/\/www.meaplatform.com\/fr\/actualites-communiques-de-presse\/"]}]},{"@type":"BreadcrumbList","@id":"https:\/\/www.meaplatform.com\/fr\/actualites-communiques-de-presse\/#breadcrumb","itemListElement":[{"@type":"ListItem","position":1,"name":"Home","item":"https:\/\/www.meaplatform.com\/fr\/"},{"@type":"ListItem","position":2,"name":"Actualit\u00e9s \/ Communiqu\u00e9s de presse"}]},{"@type":"WebSite","@id":"https:\/\/www.meaplatform.com\/#website","url":"https:\/\/www.meaplatform.com\/","name":"mea Platform","description":"","publisher":{"@id":"https:\/\/www.meaplatform.com\/#organization"},"alternateName":"mea","potentialAction":[{"@type":"SearchAction","target":{"@type":"EntryPoint","urlTemplate":"https:\/\/www.meaplatform.com\/?s={search_term_string}"},"query-input":{"@type":"PropertyValueSpecification","valueRequired":true,"valueName":"search_term_string"}}],"inLanguage":"fr-FR"},{"@type":["Organization","Place"],"@id":"https:\/\/www.meaplatform.com\/#organization","name":"mea platform","url":"https:\/\/www.meaplatform.com\/","logo":{"@id":"https:\/\/www.meaplatform.com\/fr\/actualites-communiques-de-presse\/#local-main-organization-logo"},"image":{"@id":"https:\/\/www.meaplatform.com\/fr\/actualites-communiques-de-presse\/#local-main-organization-logo"},"telephone":[],"openingHoursSpecification":[{"@type":"OpeningHoursSpecification","dayOfWeek":["Monday","Tuesday","Wednesday","Thursday","Friday","Saturday","Sunday"],"opens":"09:00","closes":"17:00"}]},{"@type":"ImageObject","inLanguage":"fr-FR","@id":"https:\/\/www.meaplatform.com\/fr\/actualites-communiques-de-presse\/#local-main-organization-logo","url":"https:\/\/www.meaplatform.com\/wp-content\/uploads\/2023\/01\/mea-logo.svg","contentUrl":"https:\/\/www.meaplatform.com\/wp-content\/uploads\/2023\/01\/mea-logo.svg","width":122,"height":60,"caption":"mea platform"}]}},"featured_image_src":null,"featured_image_src_square":null,"_links":{"self":[{"href":"https:\/\/www.meaplatform.com\/fr\/wp-json\/wp\/v2\/pages\/5466","targetHints":{"allow":["GET"]}}],"collection":[{"href":"https:\/\/www.meaplatform.com\/fr\/wp-json\/wp\/v2\/pages"}],"about":[{"href":"https:\/\/www.meaplatform.com\/fr\/wp-json\/wp\/v2\/types\/page"}],"author":[{"embeddable":true,"href":"https:\/\/www.meaplatform.com\/fr\/wp-json\/wp\/v2\/users\/1"}],"replies":[{"embeddable":true,"href":"https:\/\/www.meaplatform.com\/fr\/wp-json\/wp\/v2\/comments?post=5466"}],"version-history":[{"count":0,"href":"https:\/\/www.meaplatform.com\/fr\/wp-json\/wp\/v2\/pages\/5466\/revisions"}],"wp:attachment":[{"href":"https:\/\/www.meaplatform.com\/fr\/wp-json\/wp\/v2\/media?parent=5466"}],"curies":[{"name":"wp","href":"https:\/\/api.w.org\/{rel}","templated":true}]}}