{"id":8183,"date":"2023-01-06T19:44:35","date_gmt":"2023-01-06T19:44:35","guid":{"rendered":"https:\/\/www.meaplatform.com\/fallstudier\/"},"modified":"2023-09-04T14:59:47","modified_gmt":"2023-09-04T14:59:47","slug":"fallstudier","status":"publish","type":"page","link":"https:\/\/www.meaplatform.com\/sv\/fallstudier\/","title":{"rendered":"Fallstudier"},"content":{"rendered":"\n<p>Denna sida anv\u00e4nder en arkivmall som heter page-2329.php, alla visuella \u00e4ndringar kan g\u00f6ras d\u00e4r. Text\u00e4ndringar se rutorna nedan.<\/p>\n","protected":false},"excerpt":{"rendered":"<p>Denna sida anv\u00e4nder en arkivmall som heter page-2329.php, alla visuella \u00e4ndringar kan g\u00f6ras d\u00e4r. Text\u00e4ndringar se rutorna nedan.<\/p>\n","protected":false},"author":1,"featured_media":0,"parent":0,"menu_order":0,"comment_status":"closed","ping_status":"closed","template":"page-case-studies.php","meta":{"_acf_changed":false,"inline_featured_image":false,"_genesis_block_theme_hide_title":false,"footnotes":""},"class_list":["post-8183","page","type-page","status-publish","hentry","post","without-featured-image"],"acf":[],"yoast_head":"<!-- This site is optimized with the Yoast SEO Premium plugin v27.4 (Yoast SEO v27.4) - https:\/\/yoast.com\/product\/yoast-seo-premium-wordpress\/ -->\n<title>Fallstudier &#8211; mea platform<\/title>\n<meta name=\"robots\" content=\"index, follow, max-snippet:-1, max-image-preview:large, max-video-preview:-1\" \/>\n<link rel=\"canonical\" href=\"https:\/\/www.meaplatform.com\/sv\/fallstudier\/\" \/>\n<meta property=\"og:locale\" content=\"sv_SE\" \/>\n<meta property=\"og:type\" content=\"article\" \/>\n<meta property=\"og:title\" content=\"Fallstudier\" \/>\n<meta property=\"og:description\" content=\"Denna sida anv\u00e4nder en arkivmall som heter page-2329.php, alla visuella \u00e4ndringar kan g\u00f6ras d\u00e4r. Text\u00e4ndringar se rutorna nedan.\" \/>\n<meta property=\"og:url\" content=\"https:\/\/www.meaplatform.com\/sv\/fallstudier\/\" \/>\n<meta property=\"og:site_name\" content=\"mea platform\" \/>\n<meta property=\"article:modified_time\" content=\"2023-09-04T14:59:47+00:00\" \/>\n<meta name=\"twitter:card\" content=\"summary_large_image\" \/>\n<meta name=\"twitter:site\" content=\"@meaplatform\" \/>\n<script type=\"application\/ld+json\" class=\"yoast-schema-graph\">{\"@context\":\"https:\\\/\\\/schema.org\",\"@graph\":[{\"@type\":\"WebPage\",\"@id\":\"https:\\\/\\\/www.meaplatform.com\\\/sv\\\/fallstudier\\\/\",\"url\":\"https:\\\/\\\/www.meaplatform.com\\\/sv\\\/fallstudier\\\/\",\"name\":\"Fallstudier &#8211; mea platform\",\"isPartOf\":{\"@id\":\"https:\\\/\\\/www.meaplatform.com\\\/#website\"},\"datePublished\":\"2023-01-06T19:44:35+00:00\",\"dateModified\":\"2023-09-04T14:59:47+00:00\",\"breadcrumb\":{\"@id\":\"https:\\\/\\\/www.meaplatform.com\\\/sv\\\/fallstudier\\\/#breadcrumb\"},\"inLanguage\":\"sv-SE\",\"potentialAction\":[{\"@type\":\"ReadAction\",\"target\":[\"https:\\\/\\\/www.meaplatform.com\\\/sv\\\/fallstudier\\\/\"]}]},{\"@type\":\"BreadcrumbList\",\"@id\":\"https:\\\/\\\/www.meaplatform.com\\\/sv\\\/fallstudier\\\/#breadcrumb\",\"itemListElement\":[{\"@type\":\"ListItem\",\"position\":1,\"name\":\"Home\",\"item\":\"https:\\\/\\\/www.meaplatform.com\\\/sv\\\/\"},{\"@type\":\"ListItem\",\"position\":2,\"name\":\"Fallstudier\"}]},{\"@type\":\"WebSite\",\"@id\":\"https:\\\/\\\/www.meaplatform.com\\\/#website\",\"url\":\"https:\\\/\\\/www.meaplatform.com\\\/\",\"name\":\"mea platform\",\"description\":\"\",\"publisher\":{\"@id\":\"https:\\\/\\\/www.meaplatform.com\\\/#organization\"},\"alternateName\":\"mea\",\"potentialAction\":[{\"@type\":\"SearchAction\",\"target\":{\"@type\":\"EntryPoint\",\"urlTemplate\":\"https:\\\/\\\/www.meaplatform.com\\\/?s={search_term_string}\"},\"query-input\":{\"@type\":\"PropertyValueSpecification\",\"valueRequired\":true,\"valueName\":\"search_term_string\"}}],\"inLanguage\":\"sv-SE\"},{\"@type\":[\"Organization\",\"Place\"],\"@id\":\"https:\\\/\\\/www.meaplatform.com\\\/#organization\",\"name\":\"mea platform\",\"alternateName\":\"mea\",\"url\":\"https:\\\/\\\/www.meaplatform.com\\\/\",\"logo\":{\"@id\":\"https:\\\/\\\/www.meaplatform.com\\\/sv\\\/fallstudier\\\/#local-main-organization-logo\"},\"image\":{\"@id\":\"https:\\\/\\\/www.meaplatform.com\\\/sv\\\/fallstudier\\\/#local-main-organization-logo\"},\"sameAs\":[\"https:\\\/\\\/x.com\\\/meaplatform\",\"https:\\\/\\\/www.linkedin.com\\\/company\\\/meaplatform\"],\"legalName\":\"mea platforms Group Limited\",\"telephone\":[],\"openingHoursSpecification\":[{\"@type\":\"OpeningHoursSpecification\",\"dayOfWeek\":[\"Monday\",\"Tuesday\",\"Wednesday\",\"Thursday\",\"Friday\",\"Saturday\",\"Sunday\"],\"opens\":\"09:00\",\"closes\":\"17:00\"}]},{\"@type\":\"ImageObject\",\"inLanguage\":\"sv-SE\",\"@id\":\"https:\\\/\\\/www.meaplatform.com\\\/sv\\\/fallstudier\\\/#local-main-organization-logo\",\"url\":\"https:\\\/\\\/www.meaplatform.com\\\/wp-content\\\/uploads\\\/2023\\\/01\\\/mea-logo-1.png\",\"contentUrl\":\"https:\\\/\\\/www.meaplatform.com\\\/wp-content\\\/uploads\\\/2023\\\/01\\\/mea-logo-1.png\",\"width\":357,\"height\":174,\"caption\":\"mea platform\"}]}<\/script>\n<!-- \/ Yoast SEO Premium plugin. -->","yoast_head_json":{"title":"Fallstudier &#8211; mea platform","robots":{"index":"index","follow":"follow","max-snippet":"max-snippet:-1","max-image-preview":"max-image-preview:large","max-video-preview":"max-video-preview:-1"},"canonical":"https:\/\/www.meaplatform.com\/sv\/fallstudier\/","og_locale":"sv_SE","og_type":"article","og_title":"Fallstudier","og_description":"Denna sida anv\u00e4nder en arkivmall som heter page-2329.php, alla visuella \u00e4ndringar kan g\u00f6ras d\u00e4r. Text\u00e4ndringar se rutorna nedan.","og_url":"https:\/\/www.meaplatform.com\/sv\/fallstudier\/","og_site_name":"mea platform","article_modified_time":"2023-09-04T14:59:47+00:00","twitter_card":"summary_large_image","twitter_site":"@meaplatform","schema":{"@context":"https:\/\/schema.org","@graph":[{"@type":"WebPage","@id":"https:\/\/www.meaplatform.com\/sv\/fallstudier\/","url":"https:\/\/www.meaplatform.com\/sv\/fallstudier\/","name":"Fallstudier &#8211; mea platform","isPartOf":{"@id":"https:\/\/www.meaplatform.com\/#website"},"datePublished":"2023-01-06T19:44:35+00:00","dateModified":"2023-09-04T14:59:47+00:00","breadcrumb":{"@id":"https:\/\/www.meaplatform.com\/sv\/fallstudier\/#breadcrumb"},"inLanguage":"sv-SE","potentialAction":[{"@type":"ReadAction","target":["https:\/\/www.meaplatform.com\/sv\/fallstudier\/"]}]},{"@type":"BreadcrumbList","@id":"https:\/\/www.meaplatform.com\/sv\/fallstudier\/#breadcrumb","itemListElement":[{"@type":"ListItem","position":1,"name":"Home","item":"https:\/\/www.meaplatform.com\/sv\/"},{"@type":"ListItem","position":2,"name":"Fallstudier"}]},{"@type":"WebSite","@id":"https:\/\/www.meaplatform.com\/#website","url":"https:\/\/www.meaplatform.com\/","name":"mea platform","description":"","publisher":{"@id":"https:\/\/www.meaplatform.com\/#organization"},"alternateName":"mea","potentialAction":[{"@type":"SearchAction","target":{"@type":"EntryPoint","urlTemplate":"https:\/\/www.meaplatform.com\/?s={search_term_string}"},"query-input":{"@type":"PropertyValueSpecification","valueRequired":true,"valueName":"search_term_string"}}],"inLanguage":"sv-SE"},{"@type":["Organization","Place"],"@id":"https:\/\/www.meaplatform.com\/#organization","name":"mea platform","alternateName":"mea","url":"https:\/\/www.meaplatform.com\/","logo":{"@id":"https:\/\/www.meaplatform.com\/sv\/fallstudier\/#local-main-organization-logo"},"image":{"@id":"https:\/\/www.meaplatform.com\/sv\/fallstudier\/#local-main-organization-logo"},"sameAs":["https:\/\/x.com\/meaplatform","https:\/\/www.linkedin.com\/company\/meaplatform"],"legalName":"mea platforms Group Limited","telephone":[],"openingHoursSpecification":[{"@type":"OpeningHoursSpecification","dayOfWeek":["Monday","Tuesday","Wednesday","Thursday","Friday","Saturday","Sunday"],"opens":"09:00","closes":"17:00"}]},{"@type":"ImageObject","inLanguage":"sv-SE","@id":"https:\/\/www.meaplatform.com\/sv\/fallstudier\/#local-main-organization-logo","url":"https:\/\/www.meaplatform.com\/wp-content\/uploads\/2023\/01\/mea-logo-1.png","contentUrl":"https:\/\/www.meaplatform.com\/wp-content\/uploads\/2023\/01\/mea-logo-1.png","width":357,"height":174,"caption":"mea platform"}]}},"featured_image_src":null,"featured_image_src_square":null,"_links":{"self":[{"href":"https:\/\/www.meaplatform.com\/sv\/wp-json\/wp\/v2\/pages\/8183","targetHints":{"allow":["GET"]}}],"collection":[{"href":"https:\/\/www.meaplatform.com\/sv\/wp-json\/wp\/v2\/pages"}],"about":[{"href":"https:\/\/www.meaplatform.com\/sv\/wp-json\/wp\/v2\/types\/page"}],"author":[{"embeddable":true,"href":"https:\/\/www.meaplatform.com\/sv\/wp-json\/wp\/v2\/users\/1"}],"replies":[{"embeddable":true,"href":"https:\/\/www.meaplatform.com\/sv\/wp-json\/wp\/v2\/comments?post=8183"}],"version-history":[{"count":0,"href":"https:\/\/www.meaplatform.com\/sv\/wp-json\/wp\/v2\/pages\/8183\/revisions"}],"wp:attachment":[{"href":"https:\/\/www.meaplatform.com\/sv\/wp-json\/wp\/v2\/media?parent=8183"}],"curies":[{"name":"wp","href":"https:\/\/api.w.org\/{rel}","templated":true}]}}